{"id":250919,"date":"2022-02-23T17:36:53","date_gmt":"2022-02-23T16:36:53","guid":{"rendered":"https:\/\/www.nosykomba.com\/mentions-legales\/"},"modified":"2026-01-07T10:11:55","modified_gmt":"2026-01-07T09:11:55","slug":"informazioni-legali","status":"publish","type":"page","link":"https:\/\/www.nosykomba.com\/it\/informazioni-legali\/","title":{"rendered":"Informazioni legali"},"content":{"rendered":"<p>[et_pb_section fb_built=&#8221;1&#8243; admin_label=&#8221;section&#8221; _builder_version=&#8221;4.16&#8243; custom_margin=&#8221;0px||||false|false&#8221; custom_padding=&#8221;0px||||false|false&#8221; global_colors_info=&#8221;{}&#8221; theme_builder_area=&#8221;post_content&#8221;][et_pb_row custom_padding_last_edited=&#8221;on|phone&#8221; admin_label=&#8221;row&#8221; _builder_version=&#8221;4.16&#8243; background_size=&#8221;initial&#8221; background_position=&#8221;top_left&#8221; background_repeat=&#8221;repeat&#8221; width=&#8221;90%&#8221; max_width=&#8221;90%&#8221; custom_padding_tablet=&#8221;&#8221; custom_padding_phone=&#8221;0px||0px||false|false&#8221; global_colors_info=&#8221;{}&#8221; theme_builder_area=&#8221;post_content&#8221;][et_pb_column type=&#8221;4_4&#8243; _builder_version=&#8221;4.16&#8243; custom_padding=&#8221;|||&#8221; global_colors_info=&#8221;{}&#8221; custom_padding__hover=&#8221;|||&#8221; theme_builder_area=&#8221;post_content&#8221;][et_pb_text admin_label=&#8221;Text&#8221; _builder_version=&#8221;4.16&#8243; background_size=&#8221;initial&#8221; background_position=&#8221;top_left&#8221; background_repeat=&#8221;repeat&#8221; global_colors_info=&#8221;{}&#8221; theme_builder_area=&#8221;post_content&#8221;]Questa politica sulla privacy si applica all&#8217;uso del sito web www.nosykomba.com al fine di aiutarvi a capire come le informazioni vengono trattate in relazione all&#8217;uso di questo sito.[\/et_pb_text][\/et_pb_column][\/et_pb_row][et_pb_row column_structure=&#8221;1_2,1_2&#8243; _builder_version=&#8221;4.16&#8243; _module_preset=&#8221;default&#8221; width=&#8221;90%&#8221; max_width=&#8221;90%&#8221; global_colors_info=&#8221;{}&#8221; theme_builder_area=&#8221;post_content&#8221;][et_pb_column type=&#8221;1_2&#8243; _builder_version=&#8221;4.16&#8243; _module_preset=&#8221;default&#8221; global_colors_info=&#8221;{}&#8221; theme_builder_area=&#8221;post_content&#8221;][et_pb_text _builder_version=&#8221;4.16&#8243; _module_preset=&#8221;default&#8221; global_colors_info=&#8221;{}&#8221; theme_builder_area=&#8221;post_content&#8221;]<\/p>\n<h3>Quadro legale &#8211; conformit\u00e0 RGPD:<\/h3>\n<p>Dichiariamo che trattiamo i dati personali in conformit\u00e0 al regolamento (UE) 2016\/679 del Parlamento europeo e del Consiglio del 27 aprile 2016 relativo alla protezione delle persone fisiche con riguardo al trattamento dei dati personali, nonch\u00e9 alla libera circolazione di tali dati (di seguito denominato RGPD) e alla legge francese n. 78-17 del 6 gennaio 1978 sull&#8217;informatica, i file e le libert\u00e0.[\/et_pb_text][et_pb_text _builder_version=&#8221;4.16&#8243; _module_preset=&#8221;default&#8221; global_colors_info=&#8221;{}&#8221; theme_builder_area=&#8221;post_content&#8221;]<\/p>\n<h3>Dati personali pubblici:<\/h3>\n<p>Possiamo raccogliere dati personali pubblici su di lei.<\/p>\n<p>I dati personali pubblici sono informazioni o dati personali prodotti o ricevuti da un&#8217;autorit\u00e0 amministrativa nel corso dei suoi compiti di servizio pubblico, pubblicati da un&#8217;autorit\u00e0 amministrativa o messi a disposizione di qualsiasi persona su richiesta.<\/p>\n<p>Possiamo utilizzare informazioni pubbliche o dati personali quando ci\u00f2 \u00e8 permesso dalla legge o dal regolamento e in conformit\u00e0 con le regole specifiche di comunicazione e riutilizzo specificate nella legge o nel regolamento.[\/et_pb_text][et_pb_text _builder_version=&#8221;4.16&#8243; _module_preset=&#8221;default&#8221; global_colors_info=&#8221;{}&#8221; theme_builder_area=&#8221;post_content&#8221;]<\/p>\n<h3>Cookies :<\/h3>\n<p>Questo sito utilizza i cookie &#8211; piccoli file di testo che vengono collocati sulla vostra macchina per aiutare il sito a fornire una migliore esperienza utente. In generale, i cookie sono utilizzati per memorizzare le preferenze dell&#8217;utente. In generale, i cookie migliorano la vostra esperienza di navigazione. Tuttavia, si pu\u00f2 preferire di disabilitare i cookie su questo e altri siti. Il modo pi\u00f9 efficace \u00e8 quello di disabilitare i cookie nel suo browser. Vi suggeriamo di consultare la sezione Aiuto del vostro browser.<\/p>\n<p>Inoltre, i cookie possono essere utilizzati per fornire un accesso facile e veloce alle funzioni del sito, come il login e le visite ripetute.<br \/>\nI cookie sono piccoli file di testo che vengono memorizzati sui computer personali per scopi di riferimento.<br \/>\nNon condividiamo le informazioni che immagazziniamo nei cookie con terzi.<br \/>\nQualsiasi informazione fornita sul nostro sito web non sar\u00e0 divulgata a nessun altro.<br \/>\nUtilizziamo sia cookie di sessione che cookie persistenti.<br \/>\nUn cookie di sessione scade quando il browser viene chiuso, mentre un cookie persistente pu\u00f2 rimanere sul suo disco rigido per un lungo periodo di tempo. Questo \u00e8 per facilitare la tua esperienza di navigazione sul nostro sito web.<br \/>\n\u00c8 possibile accedere alle impostazioni dei cookie cliccando sul seguente pulsante: <a role='button' tabindex='0' class=\"medium cli-plugin-button cli-plugin-main-button cli_settings_button\">R\u00e8glages<\/a>[\/et_pb_text][et_pb_text _builder_version=&#8221;4.16&#8243; _module_preset=&#8221;default&#8221; global_colors_info=&#8221;{}&#8221; theme_builder_area=&#8221;post_content&#8221;]<\/p>\n<h3>Durata di un cookie:<\/h3>\n<p>La legge impone ai cookie una durata massima di 13 mesi, sul nostro sito la durata di un cookie prima della scadenza \u00e8 di 30 giorni.<\/p>\n<p><strong>Lei pu\u00f2 in qualsiasi momento esprimere e modificare i suoi desideri riguardo ai cookies, attraverso i mezzi descritti qui di seguito.<\/strong><\/p>\n<ol>\n<li><strong> Le scelte offerte dal suo software di navigazione<\/strong><\/li>\n<\/ol>\n<p>Potete configurare il software del vostro browser in modo che i cookies siano immagazzinati nel vostro terminale o, al contrario, che siano rifiutati, sistematicamente o secondo il loro mittente.<\/p>\n<p>Potete anche configurare il software del vostro browser in modo che vi venga offerta la possibilit\u00e0 di accettare o rifiutare i cookies di volta in volta, prima che un cookie venga probabilmente memorizzato sul vostro terminale.<\/p>\n<p>Per maggiori informazioni, vedi &#8220;Come esercitare le tue scelte a seconda del browser che usi&#8221; qui sotto.<\/p>\n<ol start=\"2\">\n<li><strong> Consenso sui cookie<\/strong><\/li>\n<\/ol>\n<p>La registrazione di un cookie in un terminale \u00e8 essenzialmente soggetta alla volont\u00e0 dell&#8217;utente del terminale, che pu\u00f2 esprimere e modificare in qualsiasi momento e gratuitamente attraverso le scelte offerte dal suo software di navigazione.<\/p>\n<p>Se avete accettato la memorizzazione di cookies nel vostro terminale, i cookies integrati nelle pagine e nei contenuti che avete consultato possono essere memorizzati temporaneamente in uno spazio dedicato sul vostro terminale. Saranno leggibili solo dal loro mittente.<\/p>\n<ol start=\"3\">\n<li><strong> Rifiutare i cookie<\/strong><\/li>\n<\/ol>\n<p>Se rifiutate di accettare i cookies sul vostro terminale, o se cancellate i cookies memorizzati sul vostro terminale, non potrete pi\u00f9 beneficiare di un certo numero di funzioni che sono tuttavia necessarie per la navigazione in alcune aree del nostro sito..<\/p>\n<ol start=\"4\">\n<li><strong> Come esercitare le vostre scelte a seconda del browser che state usando<\/strong><\/li>\n<\/ol>\n<p>Per la gestione dei cookie e le vostre scelte, la configurazione di ogni browser \u00e8 diversa. \u00c8 descritto nel menu di aiuto del suo browser, che le permetter\u00e0 di sapere come modificare i suoi desideri riguardo ai cookies.<\/p>\n<h3>File di registro:<\/h3>\n<p>Questo sito utilizza un registro di eventi disponibile sul nostro server che ci permette di analizzare alcune informazioni sugli utenti che visitano il nostro sito web.<br \/>\nQuesto registro raccoglie automaticamente informazioni limitate sui visitatori del nostro sito web, e memorizza queste informazioni nei file di log del server.<br \/>\nQueste informazioni possono includere indirizzi IP, tipo di browser, indirizzi IP di base, pagine visitate, sistema operativo utilizzato e dati e ora della visita.<br \/>\nQueste informazioni non identificano i singoli utenti.<br \/>\nViene utilizzato esclusivamente per l&#8217;amministrazione del sito, cos\u00ec come per l&#8217;analisi dell&#8217;uso e dello sviluppo del sito.[\/et_pb_text][et_pb_text _builder_version=&#8221;4.16&#8243; _module_preset=&#8221;default&#8221; global_colors_info=&#8221;{}&#8221; theme_builder_area=&#8221;post_content&#8221;]<\/p>\n<h3>Collegamenti ad altri siti:<\/h3>\n<p>Questo sito pu\u00f2 contenere link ad altri siti che non sono controllati in alcun modo da noi, non siamo responsabili per le pratiche e le politiche sulla privacy di qualsiasi sito web diverso dal nostro.<br \/>\nPertanto, vi consigliamo vivamente di leggere la politica di ogni sito che visitate.[\/et_pb_text][\/et_pb_column][et_pb_column type=&#8221;1_2&#8243; _builder_version=&#8221;4.16&#8243; _module_preset=&#8221;default&#8221; global_colors_info=&#8221;{}&#8221; theme_builder_area=&#8221;post_content&#8221;][et_pb_text _builder_version=&#8221;4.27.5&#8243; _module_preset=&#8221;default&#8221; hover_enabled=&#8221;0&#8243; global_colors_info=&#8221;{}&#8221; theme_builder_area=&#8221;post_content&#8221; sticky_enabled=&#8221;0&#8243; locked=&#8221;off&#8221;]<\/p>\n<h3>Editore:<\/h3>\n<p>Il sito www.nosykomba.com \u00e8 pubblicato da \u201cAutour du Monde SARL\u201d, promotore del progetto di promozione turistica dell&#8217;isola dal 2004.<\/p>\n<h3>Hosting del sito:<\/h3>\n<p>Host: United Internet AG.<br \/>Ubicazione dei server: Germania.<\/p>\n<h3>Stato del sito e responsabilit\u00e0:<\/h3>\n<p>Sebbene questo sito sia la piattaforma di riferimento storica per l&#8217;isola e il sito ufficiale, \u00e8 gestito in modo indipendente e non \u00e8 un organo diretto dell&#8217;amministrazione pubblica malgascia.<\/p>\n<p>[\/et_pb_text][et_pb_text _builder_version=&#8221;4.16&#8243; _module_preset=&#8221;default&#8221; locked=&#8221;off&#8221; global_colors_info=&#8221;{}&#8221; theme_builder_area=&#8221;post_content&#8221;]<\/p>\n<h3>Diritti di propriet\u00e0 intellettuale:<\/h3>\n<p>Gli elementi che compongono il nostro sito www.nosykomba.com sono di propriet\u00e0 esclusiva di www.nosykomba.com. Qualsiasi riproduzione parziale o totale dei componenti, delle foto, dei testi del nostro sito \u00e8 severamente vietata e sono protetti dalla legislazione internazionale sul copyright, i diritti d&#8217;autore e la propriet\u00e0 intellettuale.[\/et_pb_text][et_pb_text _builder_version=&#8221;4.16&#8243; _module_preset=&#8221;default&#8221; global_colors_info=&#8221;{}&#8221; theme_builder_area=&#8221;post_content&#8221;]<\/p>\n<h3>La durata della conservazione dei dati:<\/h3>\n<p>Il periodo di conservazione dei dati nel nostro database e nei nostri file <strong> ha un limite massimo di 3 anni, dopo questa data, le informazioni che ci ha inviato saranno distrutte.<\/strong><\/p>\n<p><strong><\/strong><\/p>\n<h3>Comunicazioni via e-mail:<\/h3>\n<p>Quando si richiedono informazioni o si fa una prenotazione, chiediamo ai visitatori il loro indirizzo e-mail e il loro nome.<\/p>\n<p>Offriamo inoltre ai visitatori del nostro sito la possibilit\u00e0 di rinunciare a ricevere comunicazioni da parte nostra.<br \/>\nQueste comunicazioni includeranno la nostra regolare newsletter e qualsiasi altra informazione che riteniamo possa essere rilevante per il visitatore.<br \/>\nL&#8217;utente pu\u00f2 rinunciare a ricevere e-mail o inviti da noi inviandoci un&#8217;e-mail all&#8217;indirizzo info@nosykomba.com o cliccando sul link di cancellazione in un&#8217;e-mail che gli inviamo o rispondendo a un&#8217;e-mail che gli inviamo e inserendo la parola &#8220;unsubscribe&#8221; nella riga dell&#8217;oggetto.<\/p>\n<p>Anche in questo caso, se ci fornite il vostro indirizzo e-mail e\/o il vostro nome allo scopo di ricevere comunicazioni da parte nostra, queste informazioni non saranno condivise con terze parti senza il vostro esplicito consenso.[\/et_pb_text][et_pb_text _builder_version=&#8221;4.16&#8243; _module_preset=&#8221;default&#8221; global_colors_info=&#8221;{}&#8221; theme_builder_area=&#8221;post_content&#8221;]<\/p>\n<h3>Accesso alle informazioni di identificazione personale :<\/h3>\n<p>Se cambiate qualche informazione su di voi (indirizzo, telefono, email&#8230;), vi preghiamo di tenerci informati in modo che i nostri file di corrispondenza siano aggiornati, inoltre, potete chiederci di rimuovere le informazioni su di voi che deteniamo scrivendoci a <a href=\"mailto:info@nosykomba.com\">info@nosykomba.com<\/a>.<br \/>\nPu\u00f2 anche fare la sua richiesta per telefono o per posta all&#8217;indirizzo\/numero di telefono elencati alla fine di questa politica sulla privacy.<\/p>\n<h3>Diritti della persona i cui dati sono raccolti:<\/h3>\n<p>La persona i cui dati personali sono raccolti ha il diritto:<\/p>\n<p>&#8211; chiedere al responsabile del trattamento l&#8217;accesso, la rettifica o la cancellazione dei dati personali, o la limitazione del trattamento relativo all&#8217;interessato,<\/p>\n<p>&#8211; di opporsi al trattamento,<\/p>\n<p>&#8211; alla portabilit\u00e0 dei suoi dati,<\/p>\n<p>&#8211; presentare un reclamo a un&#8217;autorit\u00e0 di vigilanza,<\/p>\n<p>&#8211; di revocare il consenso in qualsiasi momento, senza pregiudicare la liceit\u00e0 del trattamento basato sul consenso prestato prima della revoca del consenso, diritto esistente esclusivamente quando il trattamento si basa sull&#8217;articolo 6, paragrafo 1, lettera a) o sull&#8217;articolo 9, paragrafo 2, lettera a) del GDPR, ossia sul consenso dell&#8217;interessato al trattamento dei suoi dati personali per una o pi\u00f9 finalit\u00e0 specifiche.[\/et_pb_text][et_pb_text _builder_version=&#8221;4.16&#8243; _module_preset=&#8221;default&#8221; global_colors_info=&#8221;{}&#8221; theme_builder_area=&#8221;post_content&#8221;]<\/p>\n<h3>Sicurezza:<\/h3>\n<p>Seguiamo gli standard industriali riconosciuti per proteggere le informazioni personali che ci hai fornito. Tuttavia, nessun metodo di archiviazione elettronica potr\u00e0 mai essere sicuro al 100%.<br \/>\nPertanto, non siamo in grado di garantire l&#8217;assoluta sicurezza dei vostri dati.<br \/>\nPu\u00f2 sottoporci qualsiasi domanda sulle nostre procedure di sicurezza scrivendoci all&#8217;indirizzo  <a href=\"mailto:info@nosykomba.com\">info@nosykomba.com<\/a>.<\/p>\n<p>La sicurezza e la confidenzialit\u00e0 dei dati personali dipendono dalle buone pratiche di ogni individuo, e siete quindi invitati a essere vigili.<\/p>\n<p>Al fine di proteggere la riservatezza dei vostri dati personali, vi invitiamo, in particolare nelle regole di utilizzo di Internet, a prendere tutte le misure utili, in particolare cancellando le tracce della vostra attivit\u00e0 non appena avete finito la navigazione.[\/et_pb_text][et_pb_text _builder_version=&#8221;4.16&#8243; _module_preset=&#8221;default&#8221; global_colors_info=&#8221;{}&#8221; theme_builder_area=&#8221;post_content&#8221;]<\/p>\n<h3>Avvisi legali:<\/h3>\n<p>Ci riserviamo il diritto di divulgare le vostre informazioni personali in conformit\u00e0 con la legge e quando crediamo che la divulgazione sia necessaria per proteggere i nostri diritti e\/o per rispettare un processo legale o un ordine del tribunale.[\/et_pb_text][et_pb_text _builder_version=&#8221;4.16&#8243; _module_preset=&#8221;default&#8221; global_colors_info=&#8221;{}&#8221; theme_builder_area=&#8221;post_content&#8221;]<\/p>\n<h3>Fotografia:<\/h3>\n<p>Le fotografie che troverete su questo sito sono protette e concesse in licenza conformemente all&#8217;articolo L112-1 del Codice della propriet\u00e0 intellettuale.[\/et_pb_text][et_pb_text _builder_version=&#8221;4.27.5&#8243; _module_preset=&#8221;default&#8221; hover_enabled=&#8221;0&#8243; global_colors_info=&#8221;{}&#8221; theme_builder_area=&#8221;post_content&#8221; sticky_enabled=&#8221;0&#8243;]<\/p>\n<h3>Informazioni di contatto:<\/h3>\n<p>Se avete domande o dubbi su questa politica sulla privacy, o se desiderate contattarci via e-mail, i nostri dettagli di contatto sono i seguenti:<\/p>\n<p>info@nosykomba.com<br \/>\nwww.nosykomba.com<\/p>\n<p><em>Informativa sulla privacy dal 15 febbraio 2013. Aggiornato il 10 luglio 2021.<\/em>[\/et_pb_text][\/et_pb_column][\/et_pb_row][\/et_pb_section]<\/p>\n","protected":false},"excerpt":{"rendered":"<p>Questa politica sulla privacy si applica all&#8217;uso del sito web www.nosykomba.com al fine di aiutarvi a capire come le informazioni vengono trattate in relazione all&#8217;uso di questo sito.Quadro legale &#8211; conformit\u00e0 RGPD: Dichiariamo che trattiamo i dati personali in conformit\u00e0 al regolamento (UE) 2016\/679 del Parlamento europeo e del Consiglio del 27 aprile 2016 relativo [&hellip;]<\/p>\n","protected":false},"author":1,"featured_media":0,"parent":0,"menu_order":8,"comment_status":"closed","ping_status":"closed","template":"","meta":{"_et_pb_use_builder":"on","_et_pb_old_content":"","_et_gb_content_width":"","footnotes":""},"class_list":["post-250919","page","type-page","status-publish","hentry"],"yoast_head":"<title>Informazioni legali - Nosy Komba<\/title>\n<meta name=\"description\" content=\"Les \u00e9l\u00e9ments qui composent notre site internet sont la propri\u00e9t\u00e9 exclusive de www.nosykomba.com. Toute reproduction est strictement interdite\" \/>\n<meta name=\"robots\" content=\"index, follow, max-snippet:-1, max-image-preview:large, max-video-preview:-1\" \/>\n<link rel=\"canonical\" href=\"https:\/\/www.nosykomba.com\/it\/informazioni-legali\/\" \/>\n<meta property=\"og:locale\" content=\"it_IT\" \/>\n<meta property=\"og:type\" content=\"article\" \/>\n<meta property=\"og:title\" content=\"Informazioni legali - Nosy Komba\" \/>\n<meta property=\"og:description\" content=\"Les \u00e9l\u00e9ments qui composent notre site internet sont la propri\u00e9t\u00e9 exclusive de www.nosykomba.com. Toute reproduction est strictement interdite\" \/>\n<meta property=\"og:url\" content=\"https:\/\/www.nosykomba.com\/it\/informazioni-legali\/\" \/>\n<meta property=\"og:site_name\" content=\"Nosy Komba\" \/>\n<meta property=\"article:modified_time\" content=\"2026-01-07T09:11:55+00:00\" \/>\n<meta name=\"twitter:card\" content=\"summary_large_image\" \/>\n<meta name=\"twitter:label1\" content=\"Tempo di lettura stimato\" \/>\n\t<meta name=\"twitter:data1\" content=\"9 minuti\" \/>\n<script type=\"application\/ld+json\" class=\"yoast-schema-graph\">{\"@context\":\"https:\/\/schema.org\",\"@graph\":[{\"@type\":\"WebPage\",\"@id\":\"https:\/\/www.nosykomba.com\/it\/informazioni-legali\/\",\"url\":\"https:\/\/www.nosykomba.com\/it\/informazioni-legali\/\",\"name\":\"Informazioni legali - Nosy Komba\",\"isPartOf\":{\"@id\":\"https:\/\/www.nosykomba.com\/it\/#website\"},\"datePublished\":\"2022-02-23T16:36:53+00:00\",\"dateModified\":\"2026-01-07T09:11:55+00:00\",\"description\":\"Les \u00e9l\u00e9ments qui composent notre site internet sont la propri\u00e9t\u00e9 exclusive de www.nosykomba.com. Toute reproduction est strictement interdite\",\"breadcrumb\":{\"@id\":\"https:\/\/www.nosykomba.com\/it\/informazioni-legali\/#breadcrumb\"},\"inLanguage\":\"it-IT\",\"potentialAction\":[{\"@type\":\"ReadAction\",\"target\":[\"https:\/\/www.nosykomba.com\/it\/informazioni-legali\/\"]}]},{\"@type\":\"BreadcrumbList\",\"@id\":\"https:\/\/www.nosykomba.com\/it\/informazioni-legali\/#breadcrumb\",\"itemListElement\":[{\"@type\":\"ListItem\",\"position\":1,\"name\":\"Accueil\",\"item\":\"https:\/\/www.nosykomba.com\/it\/\"},{\"@type\":\"ListItem\",\"position\":2,\"name\":\"Informazioni legali\"}]},{\"@type\":\"WebSite\",\"@id\":\"https:\/\/www.nosykomba.com\/it\/#website\",\"url\":\"https:\/\/www.nosykomba.com\/it\/\",\"name\":\"Nosy Komba\",\"description\":\"Un joyaux de la nature\",\"publisher\":{\"@id\":\"https:\/\/www.nosykomba.com\/it\/#organization\"},\"potentialAction\":[{\"@type\":\"SearchAction\",\"target\":{\"@type\":\"EntryPoint\",\"urlTemplate\":\"https:\/\/www.nosykomba.com\/it\/?s={search_term_string}\"},\"query-input\":{\"@type\":\"PropertyValueSpecification\",\"valueRequired\":true,\"valueName\":\"search_term_string\"}}],\"inLanguage\":\"it-IT\"},{\"@type\":\"Organization\",\"@id\":\"https:\/\/www.nosykomba.com\/it\/#organization\",\"name\":\"Nosy Komba\",\"url\":\"https:\/\/www.nosykomba.com\/it\/\",\"logo\":{\"@type\":\"ImageObject\",\"inLanguage\":\"it-IT\",\"@id\":\"https:\/\/www.nosykomba.com\/it\/#\/schema\/logo\/image\/\",\"url\":\"https:\/\/www.nosykomba.com\/media\/logo-x512.jpg\",\"contentUrl\":\"https:\/\/www.nosykomba.com\/media\/logo-x512.jpg\",\"width\":512,\"height\":512,\"caption\":\"Nosy Komba\"},\"image\":{\"@id\":\"https:\/\/www.nosykomba.com\/it\/#\/schema\/logo\/image\/\"}}]}<\/script>","yoast_head_json":{"title":"Informazioni legali - Nosy Komba","description":"Les \u00e9l\u00e9ments qui composent notre site internet sont la propri\u00e9t\u00e9 exclusive de www.nosykomba.com. Toute reproduction est strictement interdite","robots":{"index":"index","follow":"follow","max-snippet":"max-snippet:-1","max-image-preview":"max-image-preview:large","max-video-preview":"max-video-preview:-1"},"canonical":"https:\/\/www.nosykomba.com\/it\/informazioni-legali\/","og_locale":"it_IT","og_type":"article","og_title":"Informazioni legali - Nosy Komba","og_description":"Les \u00e9l\u00e9ments qui composent notre site internet sont la propri\u00e9t\u00e9 exclusive de www.nosykomba.com. Toute reproduction est strictement interdite","og_url":"https:\/\/www.nosykomba.com\/it\/informazioni-legali\/","og_site_name":"Nosy Komba","article_modified_time":"2026-01-07T09:11:55+00:00","twitter_card":"summary_large_image","twitter_misc":{"Tempo di lettura stimato":"9 minuti"},"schema":{"@context":"https:\/\/schema.org","@graph":[{"@type":"WebPage","@id":"https:\/\/www.nosykomba.com\/it\/informazioni-legali\/","url":"https:\/\/www.nosykomba.com\/it\/informazioni-legali\/","name":"Informazioni legali - Nosy Komba","isPartOf":{"@id":"https:\/\/www.nosykomba.com\/it\/#website"},"datePublished":"2022-02-23T16:36:53+00:00","dateModified":"2026-01-07T09:11:55+00:00","description":"Les \u00e9l\u00e9ments qui composent notre site internet sont la propri\u00e9t\u00e9 exclusive de www.nosykomba.com. Toute reproduction est strictement interdite","breadcrumb":{"@id":"https:\/\/www.nosykomba.com\/it\/informazioni-legali\/#breadcrumb"},"inLanguage":"it-IT","potentialAction":[{"@type":"ReadAction","target":["https:\/\/www.nosykomba.com\/it\/informazioni-legali\/"]}]},{"@type":"BreadcrumbList","@id":"https:\/\/www.nosykomba.com\/it\/informazioni-legali\/#breadcrumb","itemListElement":[{"@type":"ListItem","position":1,"name":"Accueil","item":"https:\/\/www.nosykomba.com\/it\/"},{"@type":"ListItem","position":2,"name":"Informazioni legali"}]},{"@type":"WebSite","@id":"https:\/\/www.nosykomba.com\/it\/#website","url":"https:\/\/www.nosykomba.com\/it\/","name":"Nosy Komba","description":"Un joyaux de la nature","publisher":{"@id":"https:\/\/www.nosykomba.com\/it\/#organization"},"potentialAction":[{"@type":"SearchAction","target":{"@type":"EntryPoint","urlTemplate":"https:\/\/www.nosykomba.com\/it\/?s={search_term_string}"},"query-input":{"@type":"PropertyValueSpecification","valueRequired":true,"valueName":"search_term_string"}}],"inLanguage":"it-IT"},{"@type":"Organization","@id":"https:\/\/www.nosykomba.com\/it\/#organization","name":"Nosy Komba","url":"https:\/\/www.nosykomba.com\/it\/","logo":{"@type":"ImageObject","inLanguage":"it-IT","@id":"https:\/\/www.nosykomba.com\/it\/#\/schema\/logo\/image\/","url":"https:\/\/www.nosykomba.com\/media\/logo-x512.jpg","contentUrl":"https:\/\/www.nosykomba.com\/media\/logo-x512.jpg","width":512,"height":512,"caption":"Nosy Komba"},"image":{"@id":"https:\/\/www.nosykomba.com\/it\/#\/schema\/logo\/image\/"}}]}},"_links":{"self":[{"href":"https:\/\/www.nosykomba.com\/it\/wp-json\/wp\/v2\/pages\/250919","targetHints":{"allow":["GET"]}}],"collection":[{"href":"https:\/\/www.nosykomba.com\/it\/wp-json\/wp\/v2\/pages"}],"about":[{"href":"https:\/\/www.nosykomba.com\/it\/wp-json\/wp\/v2\/types\/page"}],"author":[{"embeddable":true,"href":"https:\/\/www.nosykomba.com\/it\/wp-json\/wp\/v2\/users\/1"}],"replies":[{"embeddable":true,"href":"https:\/\/www.nosykomba.com\/it\/wp-json\/wp\/v2\/comments?post=250919"}],"version-history":[{"count":6,"href":"https:\/\/www.nosykomba.com\/it\/wp-json\/wp\/v2\/pages\/250919\/revisions"}],"predecessor-version":[{"id":256285,"href":"https:\/\/www.nosykomba.com\/it\/wp-json\/wp\/v2\/pages\/250919\/revisions\/256285"}],"wp:attachment":[{"href":"https:\/\/www.nosykomba.com\/it\/wp-json\/wp\/v2\/media?parent=250919"}],"curies":[{"name":"wp","href":"https:\/\/api.w.org\/{rel}","templated":true}]}}