{"id":254770,"date":"2025-01-23T15:16:24","date_gmt":"2025-01-23T14:16:24","guid":{"rendered":"https:\/\/www.nosykomba.com\/booking\/"},"modified":"2025-03-17T14:02:28","modified_gmt":"2025-03-17T13:02:28","slug":"booking","status":"publish","type":"page","link":"https:\/\/www.nosykomba.com\/en\/booking\/","title":{"rendered":"Booking"},"content":{"rendered":"<p>[et_pb_section fb_built=&#8221;1&#8243; admin_label=&#8221;section&#8221; _builder_version=&#8221;4.16&#8243; custom_margin=&#8221;0px||||false|false&#8221; custom_padding=&#8221;0px||||false|false&#8221; global_colors_info=&#8221;{}&#8221; theme_builder_area=&#8221;post_content&#8221;][et_pb_row _builder_version=&#8221;4.16&#8243; _module_preset=&#8221;default&#8221; global_colors_info=&#8221;{}&#8221; theme_builder_area=&#8221;post_content&#8221;][et_pb_column type=&#8221;4_4&#8243; _builder_version=&#8221;4.16&#8243; _module_preset=&#8221;default&#8221; global_colors_info=&#8221;{}&#8221; theme_builder_area=&#8221;post_content&#8221;][et_pb_contact_form use_spam_service=&#8221;on&#8221; recaptcha_list=&#8221;Default|Default-0&#8243; email=&#8221;info@nosykomba.com&#8221; success_message=&#8221;Votre message a bien \u00e9t\u00e9 envoy\u00e9, merci.&#8221; _builder_version=&#8221;4.25.0&#8243; _module_preset=&#8221;default&#8221; _unique_id=&#8221;cd60239b-b023-4a67-bd3e-d7ba9857832f&#8221; form_field_background_color=&#8221;#fefae0&#8243; form_field_text_color=&#8221;#4c1919&#8243; form_field_focus_background_color=&#8221;#fef8d4&#8243; custom_button=&#8221;on&#8221; button_text_color=&#8221;#FFFFFF&#8221; button_bg_color=&#8221;#4c1919&#8243; button_border_width=&#8221;0px&#8221; button_border_radius=&#8221;6px&#8221; hover_enabled=&#8221;0&#8243; global_colors_info=&#8221;{}&#8221; theme_builder_area=&#8221;post_content&#8221; sticky_enabled=&#8221;0&#8243;][et_pb_contact_field field_id=&#8221;Name&#8221; field_title=&#8221;Name, surname&#8221; _builder_version=&#8221;4.25.0&#8243; global_colors_info=&#8221;{}&#8221; button_text_size__hover_enabled=&#8221;off&#8221; button_one_text_size__hover_enabled=&#8221;off&#8221; button_two_text_size__hover_enabled=&#8221;off&#8221; button_text_color__hover_enabled=&#8221;off&#8221; button_one_text_color__hover_enabled=&#8221;off&#8221; button_two_text_color__hover_enabled=&#8221;off&#8221; button_border_width__hover_enabled=&#8221;off&#8221; button_one_border_width__hover_enabled=&#8221;off&#8221; button_two_border_width__hover_enabled=&#8221;off&#8221; button_border_color__hover_enabled=&#8221;off&#8221; button_one_border_color__hover_enabled=&#8221;off&#8221; button_two_border_color__hover_enabled=&#8221;off&#8221; button_border_radius__hover_enabled=&#8221;off&#8221; button_one_border_radius__hover_enabled=&#8221;off&#8221; button_two_border_radius__hover_enabled=&#8221;off&#8221; button_letter_spacing__hover_enabled=&#8221;off&#8221; button_one_letter_spacing__hover_enabled=&#8221;off&#8221; button_two_letter_spacing__hover_enabled=&#8221;off&#8221; button_bg_color__hover_enabled=&#8221;off&#8221; button_one_bg_color__hover_enabled=&#8221;off&#8221; button_two_bg_color__hover_enabled=&#8221;off&#8221; theme_builder_area=&#8221;post_content&#8221;][\/et_pb_contact_field][et_pb_contact_field field_id=&#8221;Email&#8221; field_title=&#8221;e-mail&#8221; field_type=&#8221;email&#8221; _builder_version=&#8221;4.25.0&#8243; global_colors_info=&#8221;{}&#8221; button_text_size__hover_enabled=&#8221;off&#8221; button_one_text_size__hover_enabled=&#8221;off&#8221; button_two_text_size__hover_enabled=&#8221;off&#8221; button_text_color__hover_enabled=&#8221;off&#8221; button_one_text_color__hover_enabled=&#8221;off&#8221; button_two_text_color__hover_enabled=&#8221;off&#8221; button_border_width__hover_enabled=&#8221;off&#8221; button_one_border_width__hover_enabled=&#8221;off&#8221; button_two_border_width__hover_enabled=&#8221;off&#8221; button_border_color__hover_enabled=&#8221;off&#8221; button_one_border_color__hover_enabled=&#8221;off&#8221; button_two_border_color__hover_enabled=&#8221;off&#8221; button_border_radius__hover_enabled=&#8221;off&#8221; button_one_border_radius__hover_enabled=&#8221;off&#8221; button_two_border_radius__hover_enabled=&#8221;off&#8221; button_letter_spacing__hover_enabled=&#8221;off&#8221; button_one_letter_spacing__hover_enabled=&#8221;off&#8221; button_two_letter_spacing__hover_enabled=&#8221;off&#8221; button_bg_color__hover_enabled=&#8221;off&#8221; button_one_bg_color__hover_enabled=&#8221;off&#8221; button_two_bg_color__hover_enabled=&#8221;off&#8221; theme_builder_area=&#8221;post_content&#8221;][\/et_pb_contact_field][et_pb_contact_field field_id=&#8221;Field_5&#8243; field_title=&#8221;Country&#8221; _builder_version=&#8221;4.25.0&#8243; _module_preset=&#8221;default&#8221; global_colors_info=&#8221;{}&#8221; theme_builder_area=&#8221;post_content&#8221;][\/et_pb_contact_field][et_pb_contact_field field_id=&#8221;Field_5_2&#8243; field_title=&#8221;Phone&#8221; _builder_version=&#8221;4.25.0&#8243; _module_preset=&#8221;default&#8221; global_colors_info=&#8221;{}&#8221; theme_builder_area=&#8221;post_content&#8221;][\/et_pb_contact_field][et_pb_contact_field field_id=&#8221;Field_6&#8243; field_title=&#8221;Activity&#8221; field_type=&#8221;select&#8221; select_options=&#8221;%91{%22value%22:%22Excursion in Nosy Komba%22,%22checked%22:0,%22dragID%22:-1},{%22value%22:%22Hiking in the mountains%22,%22checked%22:0,%22dragID%22:0},{%22value%22:%22Hiking \/ Trekking in the island&#8217;s mountains%22,%22checked%22:0,%22dragID%22:6},{%22value%22:%22Excursion in Nosy Be%22,%22checked%22:0,%22dragID%22:1},{%22value%22:%22Excursion in Lokobe%22,%22checked%22:0,%22dragID%22:2},{%22value%22:%22Excursion Tanikely, Sakatia%22,%22checked%22:0,%22dragID%22:3},{%22value%22:%22Excursion in Nosy Iranja%22,%22checked%22:0,%22dragID%22:4},{%22value%22:%22 Other specify in your message%22,%22checked%22:0,%22dragID%22:5}%93&#8243; _builder_version=&#8221;4.25.0&#8243; _module_preset=&#8221;default&#8221; hover_enabled=&#8221;0&#8243; global_colors_info=&#8221;{}&#8221; theme_builder_area=&#8221;post_content&#8221; sticky_enabled=&#8221;0&#8243;][\/et_pb_contact_field][et_pb_contact_field field_id=&#8221;Field_7&#8243; field_title=&#8221;Number of people&#8221; _builder_version=&#8221;4.25.0&#8243; _module_preset=&#8221;default&#8221; global_colors_info=&#8221;{}&#8221; theme_builder_area=&#8221;post_content&#8221;][\/et_pb_contact_field][et_pb_contact_field field_id=&#8221;Field_8&#8243; field_title=&#8221;Desired date&#8221; _builder_version=&#8221;4.25.0&#8243; _module_preset=&#8221;default&#8221; global_colors_info=&#8221;{}&#8221; theme_builder_area=&#8221;post_content&#8221;][\/et_pb_contact_field][et_pb_contact_field field_id=&#8221;Message&#8221; field_title=&#8221;Message&#8221; field_type=&#8221;text&#8221; fullwidth_field=&#8221;on&#8221; _builder_version=&#8221;4.16&#8243; global_colors_info=&#8221;{}&#8221; button_text_size__hover_enabled=&#8221;off&#8221; button_one_text_size__hover_enabled=&#8221;off&#8221; button_two_text_size__hover_enabled=&#8221;off&#8221; button_text_color__hover_enabled=&#8221;off&#8221; button_one_text_color__hover_enabled=&#8221;off&#8221; button_two_text_color__hover_enabled=&#8221;off&#8221; button_border_width__hover_enabled=&#8221;off&#8221; button_one_border_width__hover_enabled=&#8221;off&#8221; button_two_border_width__hover_enabled=&#8221;off&#8221; button_border_color__hover_enabled=&#8221;off&#8221; button_one_border_color__hover_enabled=&#8221;off&#8221; button_two_border_color__hover_enabled=&#8221;off&#8221; button_border_radius__hover_enabled=&#8221;off&#8221; button_one_border_radius__hover_enabled=&#8221;off&#8221; button_two_border_radius__hover_enabled=&#8221;off&#8221; button_letter_spacing__hover_enabled=&#8221;off&#8221; button_one_letter_spacing__hover_enabled=&#8221;off&#8221; button_two_letter_spacing__hover_enabled=&#8221;off&#8221; button_bg_color__hover_enabled=&#8221;off&#8221; button_one_bg_color__hover_enabled=&#8221;off&#8221; button_two_bg_color__hover_enabled=&#8221;off&#8221; theme_builder_area=&#8221;post_content&#8221;][\/et_pb_contact_field][\/et_pb_contact_form][\/et_pb_column][\/et_pb_row][\/et_pb_section]<\/p>\n","protected":false},"excerpt":{"rendered":"","protected":false},"author":1,"featured_media":0,"parent":0,"menu_order":8,"comment_status":"closed","ping_status":"closed","template":"","meta":{"_et_pb_use_builder":"on","_et_pb_old_content":"[et_pb_section fb_built=\"1\" admin_label=\"section\" _builder_version=\"4.16\" custom_margin=\"0px||||false|false\" custom_padding=\"0px||||false|false\" global_colors_info=\"{}\"][et_pb_row _builder_version=\"4.16\" _module_preset=\"default\" global_colors_info=\"{}\"][et_pb_column type=\"4_4\" _builder_version=\"4.16\" _module_preset=\"default\" global_colors_info=\"{}\"][et_pb_contact_form email=\"info@nosykomba.com\" success_message=\"Votre message a bien \u00e9t\u00e9 envoy\u00e9, merci.\" _builder_version=\"4.25.0\" _module_preset=\"default\" _unique_id=\"cd60239b-b023-4a67-bd3e-d7ba9857832f\" form_field_background_color=\"#fefae0\" form_field_text_color=\"#4c1919\" form_field_focus_background_color=\"#fef8d4\" custom_button=\"on\" button_text_color=\"#FFFFFF\" button_bg_color=\"#4c1919\" button_border_width=\"0px\" button_border_radius=\"6px\" hover_enabled=\"0\" global_colors_info=\"{}\" sticky_enabled=\"0\"][et_pb_contact_field field_id=\"Name\" field_title=\"Nom, pr\u00e9nom\" _builder_version=\"4.16\" global_colors_info=\"{}\" button_text_size__hover_enabled=\"off\" button_one_text_size__hover_enabled=\"off\" button_two_text_size__hover_enabled=\"off\" button_text_color__hover_enabled=\"off\" button_one_text_color__hover_enabled=\"off\" button_two_text_color__hover_enabled=\"off\" button_border_width__hover_enabled=\"off\" button_one_border_width__hover_enabled=\"off\" button_two_border_width__hover_enabled=\"off\" button_border_color__hover_enabled=\"off\" button_one_border_color__hover_enabled=\"off\" button_two_border_color__hover_enabled=\"off\" button_border_radius__hover_enabled=\"off\" button_one_border_radius__hover_enabled=\"off\" button_two_border_radius__hover_enabled=\"off\" button_letter_spacing__hover_enabled=\"off\" button_one_letter_spacing__hover_enabled=\"off\" button_two_letter_spacing__hover_enabled=\"off\" button_bg_color__hover_enabled=\"off\" button_one_bg_color__hover_enabled=\"off\" button_two_bg_color__hover_enabled=\"off\"][\/et_pb_contact_field][et_pb_contact_field field_id=\"Email\" field_title=\"Adresse e-mail\" field_type=\"email\" _builder_version=\"4.16\" global_colors_info=\"{}\" button_text_size__hover_enabled=\"off\" button_one_text_size__hover_enabled=\"off\" button_two_text_size__hover_enabled=\"off\" button_text_color__hover_enabled=\"off\" button_one_text_color__hover_enabled=\"off\" button_two_text_color__hover_enabled=\"off\" button_border_width__hover_enabled=\"off\" button_one_border_width__hover_enabled=\"off\" button_two_border_width__hover_enabled=\"off\" button_border_color__hover_enabled=\"off\" button_one_border_color__hover_enabled=\"off\" button_two_border_color__hover_enabled=\"off\" button_border_radius__hover_enabled=\"off\" button_one_border_radius__hover_enabled=\"off\" button_two_border_radius__hover_enabled=\"off\" button_letter_spacing__hover_enabled=\"off\" button_one_letter_spacing__hover_enabled=\"off\" button_two_letter_spacing__hover_enabled=\"off\" button_bg_color__hover_enabled=\"off\" button_one_bg_color__hover_enabled=\"off\" button_two_bg_color__hover_enabled=\"off\"][\/et_pb_contact_field][et_pb_contact_field _builder_version=\"4.25.0\" _module_preset=\"default\" field_title=\"Pays\" hover_enabled=\"0\" sticky_enabled=\"0\" field_id=\"Field_5\"][\/et_pb_contact_field][et_pb_contact_field _builder_version=\"4.25.0\" _module_preset=\"default\" field_title=\"T\u00e9l\u00e9phone\" hover_enabled=\"0\" sticky_enabled=\"0\" field_id=\"Field_5_2\"][\/et_pb_contact_field][et_pb_contact_field _builder_version=\"4.25.0\" _module_preset=\"default\" field_title=\"Activity\" hover_enabled=\"0\" sticky_enabled=\"0\" field_id=\"Field_6\" field_type=\"select\" select_options=\"%91{%22value%22:%22Excursion in Nosy Komba%22,%22checked%22:0,%22dragID%22:-1},{%22value%22:%22Moutain trekking Nosy Komba%22,%22checked%22:0,%22dragID%22:0},{%22value%22:%22Excursion in Nosy Be%22,%22checked%22:0,%22dragID%22:1},{%22value%22:%22Excursion in Lokobe%22,%22checked%22:0,%22dragID%22:2},{%22value%22:%22Excursion Tanikely, Sakatia%22,%22checked%22:0,%22dragID%22:3},{%22value%22:%22Excursion in Nosy Iranja%22,%22checked%22:0,%22dragID%22:4},{%22value%22:%22 Other specify in your message%22,%22checked%22:0,%22dragID%22:5},{%22value%22:%22%22,%22checked%22:0,%22dragID%22:6}%93\"][\/et_pb_contact_field][et_pb_contact_field _builder_version=\"4.25.0\" _module_preset=\"default\" field_title=\"Nombre de personnes\" hover_enabled=\"0\" sticky_enabled=\"0\" field_id=\"Field_7\"][\/et_pb_contact_field][et_pb_contact_field _builder_version=\"4.25.0\" _module_preset=\"default\" field_title=\"Date souhait\u00e9e\" hover_enabled=\"0\" sticky_enabled=\"0\" field_id=\"Field_8\"][\/et_pb_contact_field][et_pb_contact_field field_id=\"Message\" field_title=\"Message\" field_type=\"text\" fullwidth_field=\"on\" _builder_version=\"4.16\" global_colors_info=\"{}\" button_text_size__hover_enabled=\"off\" button_one_text_size__hover_enabled=\"off\" button_two_text_size__hover_enabled=\"off\" button_text_color__hover_enabled=\"off\" button_one_text_color__hover_enabled=\"off\" button_two_text_color__hover_enabled=\"off\" button_border_width__hover_enabled=\"off\" button_one_border_width__hover_enabled=\"off\" button_two_border_width__hover_enabled=\"off\" button_border_color__hover_enabled=\"off\" button_one_border_color__hover_enabled=\"off\" button_two_border_color__hover_enabled=\"off\" button_border_radius__hover_enabled=\"off\" button_one_border_radius__hover_enabled=\"off\" button_two_border_radius__hover_enabled=\"off\" button_letter_spacing__hover_enabled=\"off\" button_one_letter_spacing__hover_enabled=\"off\" button_two_letter_spacing__hover_enabled=\"off\" button_bg_color__hover_enabled=\"off\" button_one_bg_color__hover_enabled=\"off\" button_two_bg_color__hover_enabled=\"off\"][\/et_pb_contact_field][\/et_pb_contact_form][\/et_pb_column][\/et_pb_row][\/et_pb_section]","_et_gb_content_width":"","footnotes":""},"class_list":["post-254770","page","type-page","status-publish","hentry"],"yoast_head":"<title>Booking - Nosy Komba<\/title>\n<meta name=\"description\" content=\"Would you like to contact us? Fill in this form and a member of our team will get back to you.\" \/>\n<meta name=\"robots\" content=\"index, follow, max-snippet:-1, max-image-preview:large, max-video-preview:-1\" \/>\n<link rel=\"canonical\" href=\"https:\/\/www.nosykomba.com\/en\/booking\/\" \/>\n<meta property=\"og:locale\" content=\"en_US\" \/>\n<meta property=\"og:type\" content=\"article\" \/>\n<meta property=\"og:title\" content=\"Booking - Nosy Komba\" \/>\n<meta property=\"og:description\" content=\"Would you like to contact us? Fill in this form and a member of our team will get back to you.\" \/>\n<meta property=\"og:url\" content=\"https:\/\/www.nosykomba.com\/en\/booking\/\" \/>\n<meta property=\"og:site_name\" content=\"Nosy Komba\" \/>\n<meta property=\"article:modified_time\" content=\"2025-03-17T13:02:28+00:00\" \/>\n<meta name=\"twitter:card\" content=\"summary_large_image\" \/>\n<meta name=\"twitter:label1\" content=\"Est. reading time\" \/>\n\t<meta name=\"twitter:data1\" content=\"1 minute\" \/>\n<script type=\"application\/ld+json\" class=\"yoast-schema-graph\">{\"@context\":\"https:\/\/schema.org\",\"@graph\":[{\"@type\":\"WebPage\",\"@id\":\"https:\/\/www.nosykomba.com\/en\/booking\/\",\"url\":\"https:\/\/www.nosykomba.com\/en\/booking\/\",\"name\":\"Booking - Nosy Komba\",\"isPartOf\":{\"@id\":\"https:\/\/www.nosykomba.com\/en\/#website\"},\"datePublished\":\"2025-01-23T14:16:24+00:00\",\"dateModified\":\"2025-03-17T13:02:28+00:00\",\"description\":\"Would you like to contact us? Fill in this form and a member of our team will get back to you.\",\"breadcrumb\":{\"@id\":\"https:\/\/www.nosykomba.com\/en\/booking\/#breadcrumb\"},\"inLanguage\":\"en-US\",\"potentialAction\":[{\"@type\":\"ReadAction\",\"target\":[\"https:\/\/www.nosykomba.com\/en\/booking\/\"]}]},{\"@type\":\"BreadcrumbList\",\"@id\":\"https:\/\/www.nosykomba.com\/en\/booking\/#breadcrumb\",\"itemListElement\":[{\"@type\":\"ListItem\",\"position\":1,\"name\":\"Accueil\",\"item\":\"https:\/\/www.nosykomba.com\/en\/\"},{\"@type\":\"ListItem\",\"position\":2,\"name\":\"Booking\"}]},{\"@type\":\"WebSite\",\"@id\":\"https:\/\/www.nosykomba.com\/en\/#website\",\"url\":\"https:\/\/www.nosykomba.com\/en\/\",\"name\":\"Nosy Komba\",\"description\":\"Un joyaux de la nature\",\"publisher\":{\"@id\":\"https:\/\/www.nosykomba.com\/en\/#organization\"},\"potentialAction\":[{\"@type\":\"SearchAction\",\"target\":{\"@type\":\"EntryPoint\",\"urlTemplate\":\"https:\/\/www.nosykomba.com\/en\/?s={search_term_string}\"},\"query-input\":{\"@type\":\"PropertyValueSpecification\",\"valueRequired\":true,\"valueName\":\"search_term_string\"}}],\"inLanguage\":\"en-US\"},{\"@type\":\"Organization\",\"@id\":\"https:\/\/www.nosykomba.com\/en\/#organization\",\"name\":\"Nosy Komba\",\"url\":\"https:\/\/www.nosykomba.com\/en\/\",\"logo\":{\"@type\":\"ImageObject\",\"inLanguage\":\"en-US\",\"@id\":\"https:\/\/www.nosykomba.com\/en\/#\/schema\/logo\/image\/\",\"url\":\"https:\/\/www.nosykomba.com\/media\/logo-x512.jpg\",\"contentUrl\":\"https:\/\/www.nosykomba.com\/media\/logo-x512.jpg\",\"width\":512,\"height\":512,\"caption\":\"Nosy Komba\"},\"image\":{\"@id\":\"https:\/\/www.nosykomba.com\/en\/#\/schema\/logo\/image\/\"}}]}<\/script>","yoast_head_json":{"title":"Booking - Nosy Komba","description":"Would you like to contact us? Fill in this form and a member of our team will get back to you.","robots":{"index":"index","follow":"follow","max-snippet":"max-snippet:-1","max-image-preview":"max-image-preview:large","max-video-preview":"max-video-preview:-1"},"canonical":"https:\/\/www.nosykomba.com\/en\/booking\/","og_locale":"en_US","og_type":"article","og_title":"Booking - Nosy Komba","og_description":"Would you like to contact us? Fill in this form and a member of our team will get back to you.","og_url":"https:\/\/www.nosykomba.com\/en\/booking\/","og_site_name":"Nosy Komba","article_modified_time":"2025-03-17T13:02:28+00:00","twitter_card":"summary_large_image","twitter_misc":{"Est. reading time":"1 minute"},"schema":{"@context":"https:\/\/schema.org","@graph":[{"@type":"WebPage","@id":"https:\/\/www.nosykomba.com\/en\/booking\/","url":"https:\/\/www.nosykomba.com\/en\/booking\/","name":"Booking - Nosy Komba","isPartOf":{"@id":"https:\/\/www.nosykomba.com\/en\/#website"},"datePublished":"2025-01-23T14:16:24+00:00","dateModified":"2025-03-17T13:02:28+00:00","description":"Would you like to contact us? Fill in this form and a member of our team will get back to you.","breadcrumb":{"@id":"https:\/\/www.nosykomba.com\/en\/booking\/#breadcrumb"},"inLanguage":"en-US","potentialAction":[{"@type":"ReadAction","target":["https:\/\/www.nosykomba.com\/en\/booking\/"]}]},{"@type":"BreadcrumbList","@id":"https:\/\/www.nosykomba.com\/en\/booking\/#breadcrumb","itemListElement":[{"@type":"ListItem","position":1,"name":"Accueil","item":"https:\/\/www.nosykomba.com\/en\/"},{"@type":"ListItem","position":2,"name":"Booking"}]},{"@type":"WebSite","@id":"https:\/\/www.nosykomba.com\/en\/#website","url":"https:\/\/www.nosykomba.com\/en\/","name":"Nosy Komba","description":"Un joyaux de la nature","publisher":{"@id":"https:\/\/www.nosykomba.com\/en\/#organization"},"potentialAction":[{"@type":"SearchAction","target":{"@type":"EntryPoint","urlTemplate":"https:\/\/www.nosykomba.com\/en\/?s={search_term_string}"},"query-input":{"@type":"PropertyValueSpecification","valueRequired":true,"valueName":"search_term_string"}}],"inLanguage":"en-US"},{"@type":"Organization","@id":"https:\/\/www.nosykomba.com\/en\/#organization","name":"Nosy Komba","url":"https:\/\/www.nosykomba.com\/en\/","logo":{"@type":"ImageObject","inLanguage":"en-US","@id":"https:\/\/www.nosykomba.com\/en\/#\/schema\/logo\/image\/","url":"https:\/\/www.nosykomba.com\/media\/logo-x512.jpg","contentUrl":"https:\/\/www.nosykomba.com\/media\/logo-x512.jpg","width":512,"height":512,"caption":"Nosy Komba"},"image":{"@id":"https:\/\/www.nosykomba.com\/en\/#\/schema\/logo\/image\/"}}]}},"_links":{"self":[{"href":"https:\/\/www.nosykomba.com\/en\/wp-json\/wp\/v2\/pages\/254770","targetHints":{"allow":["GET"]}}],"collection":[{"href":"https:\/\/www.nosykomba.com\/en\/wp-json\/wp\/v2\/pages"}],"about":[{"href":"https:\/\/www.nosykomba.com\/en\/wp-json\/wp\/v2\/types\/page"}],"author":[{"embeddable":true,"href":"https:\/\/www.nosykomba.com\/en\/wp-json\/wp\/v2\/users\/1"}],"replies":[{"embeddable":true,"href":"https:\/\/www.nosykomba.com\/en\/wp-json\/wp\/v2\/comments?post=254770"}],"version-history":[{"count":5,"href":"https:\/\/www.nosykomba.com\/en\/wp-json\/wp\/v2\/pages\/254770\/revisions"}],"predecessor-version":[{"id":255593,"href":"https:\/\/www.nosykomba.com\/en\/wp-json\/wp\/v2\/pages\/254770\/revisions\/255593"}],"wp:attachment":[{"href":"https:\/\/www.nosykomba.com\/en\/wp-json\/wp\/v2\/media?parent=254770"}],"curies":[{"name":"wp","href":"https:\/\/api.w.org\/{rel}","templated":true}]}}