{"id":250887,"date":"2022-02-23T14:06:30","date_gmt":"2022-02-23T13:06:30","guid":{"rendered":"https:\/\/www.nosykomba.com\/?page_id=250887"},"modified":"2025-02-01T06:29:28","modified_gmt":"2025-02-01T05:29:28","slug":"contact-us","status":"publish","type":"page","link":"https:\/\/www.nosykomba.com\/en\/contact-us\/","title":{"rendered":"Contact us"},"content":{"rendered":"<p>[et_pb_section fb_built=&#8221;1&#8243; admin_label=&#8221;section&#8221; _builder_version=&#8221;4.16&#8243; custom_margin=&#8221;0px||||false|false&#8221; custom_padding=&#8221;0px||||false|false&#8221; global_colors_info=&#8221;{}&#8221; theme_builder_area=&#8221;post_content&#8221;][et_pb_row _builder_version=&#8221;4.16&#8243; _module_preset=&#8221;default&#8221; global_colors_info=&#8221;{}&#8221; theme_builder_area=&#8221;post_content&#8221;][et_pb_column type=&#8221;4_4&#8243; _builder_version=&#8221;4.16&#8243; _module_preset=&#8221;default&#8221; global_colors_info=&#8221;{}&#8221; theme_builder_area=&#8221;post_content&#8221;][et_pb_contact_form email=&#8221;info@nosykomba.com&#8221; success_message=&#8221;Your message has been sent, thank you.&#8221; _builder_version=&#8221;4.25.0&#8243; _module_preset=&#8221;default&#8221; _unique_id=&#8221;cd60239b-b023-4a67-bd3e-d7ba9857832f&#8221; form_field_background_color=&#8221;#fefae0&#8243; form_field_text_color=&#8221;#4c1919&#8243; form_field_focus_background_color=&#8221;#fef8d4&#8243; custom_button=&#8221;on&#8221; button_text_color=&#8221;#FFFFFF&#8221; button_bg_color=&#8221;#4c1919&#8243; button_border_width=&#8221;0px&#8221; button_border_radius=&#8221;6px&#8221; hover_enabled=&#8221;0&#8243; global_colors_info=&#8221;{}&#8221; theme_builder_area=&#8221;post_content&#8221; use_spam_service=&#8221;on&#8221; recaptcha_list=&#8221;Default|Default-0&#8243; sticky_enabled=&#8221;0&#8243;][et_pb_contact_field field_id=&#8221;Name&#8221; field_title=&#8221;Name, First name&#8221; _builder_version=&#8221;4.16&#8243; global_colors_info=&#8221;{}&#8221; button_text_size__hover_enabled=&#8221;off&#8221; button_one_text_size__hover_enabled=&#8221;off&#8221; button_two_text_size__hover_enabled=&#8221;off&#8221; button_text_color__hover_enabled=&#8221;off&#8221; button_one_text_color__hover_enabled=&#8221;off&#8221; button_two_text_color__hover_enabled=&#8221;off&#8221; button_border_width__hover_enabled=&#8221;off&#8221; button_one_border_width__hover_enabled=&#8221;off&#8221; button_two_border_width__hover_enabled=&#8221;off&#8221; button_border_color__hover_enabled=&#8221;off&#8221; button_one_border_color__hover_enabled=&#8221;off&#8221; button_two_border_color__hover_enabled=&#8221;off&#8221; button_border_radius__hover_enabled=&#8221;off&#8221; button_one_border_radius__hover_enabled=&#8221;off&#8221; button_two_border_radius__hover_enabled=&#8221;off&#8221; button_letter_spacing__hover_enabled=&#8221;off&#8221; button_one_letter_spacing__hover_enabled=&#8221;off&#8221; button_two_letter_spacing__hover_enabled=&#8221;off&#8221; button_bg_color__hover_enabled=&#8221;off&#8221; button_one_bg_color__hover_enabled=&#8221;off&#8221; button_two_bg_color__hover_enabled=&#8221;off&#8221; theme_builder_area=&#8221;post_content&#8221;][\/et_pb_contact_field][et_pb_contact_field field_id=&#8221;Email&#8221; field_title=&#8221;Your e-mail&#8221; field_type=&#8221;email&#8221; _builder_version=&#8221;4.16&#8243; global_colors_info=&#8221;{}&#8221; button_text_size__hover_enabled=&#8221;off&#8221; button_one_text_size__hover_enabled=&#8221;off&#8221; button_two_text_size__hover_enabled=&#8221;off&#8221; button_text_color__hover_enabled=&#8221;off&#8221; button_one_text_color__hover_enabled=&#8221;off&#8221; button_two_text_color__hover_enabled=&#8221;off&#8221; button_border_width__hover_enabled=&#8221;off&#8221; button_one_border_width__hover_enabled=&#8221;off&#8221; button_two_border_width__hover_enabled=&#8221;off&#8221; button_border_color__hover_enabled=&#8221;off&#8221; button_one_border_color__hover_enabled=&#8221;off&#8221; button_two_border_color__hover_enabled=&#8221;off&#8221; button_border_radius__hover_enabled=&#8221;off&#8221; button_one_border_radius__hover_enabled=&#8221;off&#8221; button_two_border_radius__hover_enabled=&#8221;off&#8221; button_letter_spacing__hover_enabled=&#8221;off&#8221; button_one_letter_spacing__hover_enabled=&#8221;off&#8221; button_two_letter_spacing__hover_enabled=&#8221;off&#8221; button_bg_color__hover_enabled=&#8221;off&#8221; button_one_bg_color__hover_enabled=&#8221;off&#8221; button_two_bg_color__hover_enabled=&#8221;off&#8221; theme_builder_area=&#8221;post_content&#8221;][\/et_pb_contact_field][et_pb_contact_field field_id=&#8221;Message&#8221; field_title=&#8221;Message&#8221; field_type=&#8221;text&#8221; fullwidth_field=&#8221;on&#8221; _builder_version=&#8221;4.16&#8243; global_colors_info=&#8221;{}&#8221; button_text_size__hover_enabled=&#8221;off&#8221; button_one_text_size__hover_enabled=&#8221;off&#8221; button_two_text_size__hover_enabled=&#8221;off&#8221; button_text_color__hover_enabled=&#8221;off&#8221; button_one_text_color__hover_enabled=&#8221;off&#8221; button_two_text_color__hover_enabled=&#8221;off&#8221; button_border_width__hover_enabled=&#8221;off&#8221; button_one_border_width__hover_enabled=&#8221;off&#8221; button_two_border_width__hover_enabled=&#8221;off&#8221; button_border_color__hover_enabled=&#8221;off&#8221; button_one_border_color__hover_enabled=&#8221;off&#8221; button_two_border_color__hover_enabled=&#8221;off&#8221; button_border_radius__hover_enabled=&#8221;off&#8221; button_one_border_radius__hover_enabled=&#8221;off&#8221; button_two_border_radius__hover_enabled=&#8221;off&#8221; button_letter_spacing__hover_enabled=&#8221;off&#8221; button_one_letter_spacing__hover_enabled=&#8221;off&#8221; button_two_letter_spacing__hover_enabled=&#8221;off&#8221; button_bg_color__hover_enabled=&#8221;off&#8221; button_one_bg_color__hover_enabled=&#8221;off&#8221; button_two_bg_color__hover_enabled=&#8221;off&#8221; theme_builder_area=&#8221;post_content&#8221;][\/et_pb_contact_field][\/et_pb_contact_form][\/et_pb_column][\/et_pb_row][\/et_pb_section]<\/p>\n","protected":false},"excerpt":{"rendered":"","protected":false},"author":1,"featured_media":0,"parent":0,"menu_order":8,"comment_status":"closed","ping_status":"closed","template":"","meta":{"_et_pb_use_builder":"on","_et_pb_old_content":"Cette politique de confidentialit\u00e9 s\u2019applique \u00e0 l\u2019utilisation du site internet www.nosykomba.com dans le but de vous aider \u00e0 comprendre comment est trait\u00e9e l\u2019information dans le cadre de l\u2019utilisation de ce site.\n<h2>Cadre juridique \u2013 conformit\u00e9 au RGPD :<\/h2>\nNous d\u00e9clarons effectuer des traitements de donn\u00e9es personnelles conform\u00e9ment au\u00a0r\u00e8glement (UE) 2016\/679 du Parlement europ\u00e9en et du Conseil du 27 avril 2016, relatif \u00e0 la protection des personnes physiques \u00e0 l\u2019\u00e9gard du traitement des donn\u00e9es \u00e0 caract\u00e8re personnel et \u00e0 la libre circulation de ces donn\u00e9es (ci-apr\u00e8s d\u00e9sign\u00e9 le RGPD) et \u00e0 loi fran\u00e7aise n\u00b0 78-17 du 6 janvier 1978 relative \u00e0 l\u2019informatique, aux fichiers et aux libert\u00e9s.\n\n&nbsp;\n<h2>Les donn\u00e9es \u00e0 caract\u00e8re personnel publiques\u00a0:<\/h2>\nNous pouvons \u00eatre amen\u00e9s \u00e0 collecter des donn\u00e9es \u00e0 caract\u00e8re personnel publiques vous concernant.\n\nLes donn\u00e9es \u00e0 caract\u00e8re personnel publiques sont les informations ou donn\u00e9es personnelles produites ou re\u00e7ues par une autorit\u00e9 administrative dans le cadre de sa mission de service public, publi\u00e9es par une autorit\u00e9 administrative ou communicables \u00e0 toute personne en faisant la demande.\n\nNous pouvons utiliser les informations ou donn\u00e9es \u00e0 caract\u00e8re personnel publiques quand cela est autoris\u00e9 par les textes l\u00e9gislatifs ou r\u00e9glementaires et dans le respect des r\u00e8gles sp\u00e9cifiques de communication et de r\u00e9utilisation pr\u00e9cis\u00e9es par lesdits textes.\n<h2><\/h2>\n<h2>Cookies :<\/h2>\nCe site utilise des cookies \u2013 de petits fichiers texte qui sont plac\u00e9s sur votre machine pour aider le site \u00e0 fournir une meilleure exp\u00e9rience utilisateur. En g\u00e9n\u00e9ral, les cookies sont utilis\u00e9s pour conserver les pr\u00e9f\u00e9rences de l\u2019utilisateur. En r\u00e8gle g\u00e9n\u00e9rale, les cookies rendront votre exp\u00e9rience de navigation meilleure. Toutefois, vous pouvez pr\u00e9f\u00e9rer d\u00e9sactiver les cookies sur ce site et sur d\u2019autres. Le moyen le plus efficace consiste \u00e0 d\u00e9sactiver les cookies dans votre navigateur. Nous vous sugg\u00e9rons de consulter la section Aide de votre navigateur.\n\nEn outre, les cookies peuvent \u00eatre utilis\u00e9s pour fournir un acc\u00e8s facile et rapide aux fonctionnalit\u00e9s du site telles que les connexions et les visites r\u00e9p\u00e9t\u00e9es.\nLes cookies sont de petits fichiers texte qui sont stock\u00e9s sur les ordinateurs personnels \u00e0 des fins de r\u00e9f\u00e9rence.\nNous ne communiquons pas les informations que nous stockons dans les cookies \u00e0 des tierces personnes.\nAucune information renseign\u00e9e par vos soins sur notre site internet ne sera divulgu\u00e9e \u00e0 quiconque.\nNous utilisons des cookies d\u2019ID de session et des cookies persistants.\nUn cookie de session expire lorsque le navigateur est ferm\u00e9, et un cookie persistant peut rester sur votre disque dur pendant une p\u00e9riode prolong\u00e9e. Ceci dans le but de faciliter votre exp\u00e9rience de navigation sur notre site internet.\n\n&nbsp;\n<h2>Dur\u00e9e de vie d\u2019un Cookie :<\/h2>\nLa loi impose aux cookies une dur\u00e9e de vie maximale de 13 mois maximum, sur notre site la dur\u00e9e de vie d\u2019un cookie avant expiration est de 30 jours.\n\n<strong>Vous pouvez \u00e0 tout moment exprimer et modifier vos souhaits en mati\u00e8re de cookies, par les moyens d\u00e9crits ci-dessous.<\/strong>\n<ol>\n \t<li><strong> Les choix offerts par votre logiciel de navigation<\/strong><\/li>\n<\/ol>\nVous pouvez configurer votre logiciel de navigation de mani\u00e8re \u00e0 ce que des cookies soient enregistr\u00e9s dans votre terminal ou, au contraire, qu\u2019ils soient rejet\u00e9s, soit syst\u00e9matiquement, soit selon leur \u00e9metteur.\n\nVous pouvez \u00e9galement configurer votre logiciel de navigation de mani\u00e8re \u00e0 ce que l\u2019acceptation ou le refus des cookies vous soient propos\u00e9s ponctuellement, avant qu\u2019un cookie soit susceptible d\u2019\u00eatre enregistr\u00e9 dans votre terminal.\n\nPour plus d\u2019informations, consultez la rubrique \u00ab Comment exercer vos choix selon le navigateur que vous utilisez \u00bb ci-dessous.\n<ol start=\"2\">\n \t<li><strong> Le consentement sur les cookies<\/strong><\/li>\n<\/ol>\nL\u2019enregistrement d\u2019un cookie dans un terminal est essentiellement subordonn\u00e9 \u00e0 la volont\u00e9 de l\u2019utilisateur du terminal, que celui-ci peut exprimer et modifier \u00e0 tout moment et gratuitement \u00e0 travers les choix qui lui sont offerts par son logiciel de navigation.\n\nSi vous avez accept\u00e9 dans votre logiciel de navigation l\u2019enregistrement de cookies dans votre terminal, les cookies int\u00e9gr\u00e9s dans les pages et contenus que vous avez consult\u00e9s pourront \u00eatre stock\u00e9s temporairement dans un espace d\u00e9di\u00e9 de votre terminal. Ils y seront lisibles uniquement par leur \u00e9metteur.\n<ol start=\"3\">\n \t<li><strong> Le refus des cookies<\/strong><\/li>\n<\/ol>\nSi vous refusez l\u2019enregistrement de cookies dans votre terminal, ou si vous supprimez ceux qui y sont enregistr\u00e9s, vous ne pourrez plus b\u00e9n\u00e9ficier d\u2019un certain nombre de fonctionnalit\u00e9s qui sont n\u00e9anmoins n\u00e9cessaires pour naviguer dans certains espaces de notre site.\n<ol start=\"4\">\n \t<li><strong> Comment exercer vos choix selon le navigateur que vous utilisez<\/strong><\/li>\n<\/ol>\nPour la gestion des cookies et de vos choix, la configuration de chaque navigateur est diff\u00e9rente. Elle est d\u00e9crite dans le menu d\u2019aide de votre navigateur, qui vous permettra de savoir de quelle mani\u00e8re modifier vos souhaits en mati\u00e8re de cookies.\n<h2>Fichiers journaux :<\/h2>\nCe site utilise un journal d\u2019\u00e9v\u00e8nements disponible sur notre serveur qui nous permet d\u2019analyser quelques informations sur les utilisateurs qui visitent notre site internet.\nCe journal rassemble automatiquement des informations limit\u00e9es sur les visiteurs de notre site web, et il stocke ces informations anonymes dans les fichiers journaux du serveur.\nCes informations peuvent inclure les adresses IP, le type de navigateur, les donn\u00e9es IP de base, les pages visit\u00e9es, le syst\u00e8me d\u2019exploitation utilis\u00e9 ainsi que la date et l\u2019heure au moment de la visite.\nCes informations ne permettent pas d\u2019identifier des utilisateurs individuels.\nElles sont seulement utilis\u00e9es pour l\u2019administration du site, ainsi que pour l\u2019analyse de l\u2019utilisation et de l\u2019\u00e9volution du site.\n<h2>La dur\u00e9e de conservation des donn\u00e9es :<\/h2>\nLa dur\u00e9e de conservation des donn\u00e9es dans notre base de donn\u00e9es et nos fichiers <strong>\u00e0 une limite maximale de 3 ans, pass\u00e9 cette date, les informations que vous nous aurez envoy\u00e9es seront d\u00e9truites.<\/strong>\n<h2>Communications par courriel :<\/h2>\nLors d\u2019une demande d\u2019information ou de r\u00e9servation, nous demandons aux visiteurs leur adresse e-mail et leur nom.\n\nNous offrons \u00e9galement aux visiteurs de notre site l\u2019occasion de refuser de recevoir des communications de notre part.\nCes communications comprendront notre bulletin d\u2019information r\u00e9gulier et toute autre information que nous estimons susceptibles d\u2019\u00eatre pertinentes pour le visiteur.\nVous pouvez refuser de recevoir des emails ou invitations de notre part en nous \u00e9crivant \u00e0 <a href=\"mailto:info@antoremba-lodge.com\">info@nosykomba.com<\/a> ou en cliquant sur \u200b\u200ble lien de d\u00e9sabonnement dans un courriel que nous vous envoyons ou en r\u00e9pondant \u00e0 un courriel que nous vous envoyons et entrant le mot \u00ab d\u00e9sinscription \u00bb dans la ligne d\u2019objet .\n\nEncore une fois, si vous nous fournissez votre adresse e-mail et \/ ou nom aux fins de recevoir des communications de notre part, cette information ne sera pas partag\u00e9e avec une tierce partie sans votre consentement explicite.\n<h2>L\u2019acc\u00e8s aux informations personnelles identifiables :<\/h2>\nSi vous changez d\u2019informations vous concernant : adresse, t\u00e9l\u00e9phone, emails\u2026, veuillez nous en tenir inform\u00e9 afin que nos fichiers de correspondance soient \u00e0 jour, aussi, vous pouvez nous demander de supprimer les informations sur vous que nous poss\u00e9dons en nous \u00e9crivant \u00e0 <a href=\"mailto:info@antoremba-lodge.com\">info@nosykomba.com<\/a>.\nVous pouvez \u00e9galement faire votre demande par t\u00e9l\u00e9phone ou par courrier postal \u00e0 l\u2019adresse\/num\u00e9ro de t\u00e9l\u00e9phone indiqu\u00e9 \u00e0 la fin de cette politique de confidentialit\u00e9.\n<h2>Droits de la personne dont les donn\u00e9es sont collect\u00e9es :<\/h2>\nLa personne dont les donn\u00e9es personnelles sont collect\u00e9es a le\u00a0droit :\n\n\u2013 de demander au responsable du traitement l\u2019acc\u00e8s aux donn\u00e9es \u00e0 caract\u00e8re personnel, la rectifi\u00adcation ou l\u2019effacement de celles-ci, ou une limitation du traitement relatif \u00e0 la personne concern\u00e9e,\n\n\u2013 de s\u2019opposer au traitement,\n\n\u2013 \u00e0 la portabilit\u00e9 de ses donn\u00e9es,\n\n\u2013\u00a0d\u2019introduire une r\u00e9clamation aupr\u00e8s d\u2019une autorit\u00e9 de contr\u00f4le,\n\n\u2013 de retirer son consentement \u00e0 tout moment, sans porter atteinte \u00e0 la lic\u00e9it\u00e9 du traitement fond\u00e9 sur le consentement effectu\u00e9 avant le retrait de celui-ci, ce droit existant exclusivement lorsque le traitement est fond\u00e9 sur l\u2019article 6, paragraphe 1, point a), ou sur l\u2019article 9, paragraphe 2, point a) du RGPD, c\u2019est-\u00e0-dire sur le consentement de\u00a0la personne concern\u00e9e au traitement de ses donn\u00e9es \u00e0 caract\u00e8re personnel pour une ou plusieurs finalit\u00e9s sp\u00e9cifiques.\n<h2>S\u00e9curit\u00e9 :<\/h2>\nNous suivons les normes reconnues de l\u2019industrie pour prot\u00e9ger les renseignements personnels que vous nous avez fournis. Toutefois, aucune m\u00e9thode de stockage \u00e9lectronique ne peut jamais \u00eatre s\u00fbre \u00e0 100%.\nPar cons\u00e9quent, nous ne sommes pas en mesure de garantir la s\u00e9curit\u00e9 absolue de vos donn\u00e9es.\nVous pouvez soumettre toute question que vous pourriez avoir sur nos proc\u00e9dures de s\u00e9curit\u00e9 en nous \u00e9crivant \u00e0 <a href=\"mailto:info@jardinvanille.com\">info@nosykomba.com<\/a>.\n\nLa s\u00e9curit\u00e9 et la confidentialit\u00e9 des donn\u00e9es \u00e0 caract\u00e8re personnel reposent sur les bonnes pratiques de chacun, ainsi vous \u00eates invit\u00e9 \u00e0 vous montrer vigilant.\n\nDans le souci de prot\u00e9ger la confidentialit\u00e9 de vos donn\u00e9es \u00e0 caract\u00e8re personnel, nous vous invitons, en particulier dans des r\u00e8gles d\u2019usage d\u2019Internet, \u00e0 prendre toutes les dispositions utiles notamment en effa\u00e7ant, d\u00e8s la fin de votre navigation, les traces de votre activit\u00e9.\n\n&nbsp;\n<h2>Liens vers d\u2019autres sites :<\/h2>\nCe site peut contenir des liens vers d\u2019autres sites qui ne sont pas contr\u00f4l\u00e9s en aucune fa\u00e7on par nous, nous ne sommes pas responsables des pratiques de confidentialit\u00e9 et politiques de tout autre site internet que le n\u00f4tre.\nPar cons\u00e9quent, nous vous sugg\u00e9rons fortement de lire la politique de chaque site que vous visitez.\n\n&nbsp;\n<h2>Mentions l\u00e9gales :<\/h2>\nNous nous r\u00e9servons le droit de divulguer vos renseignements personnels conform\u00e9ment \u00e0 la loi et quand nous croyons que la divulgation est n\u00e9cessaire pour prot\u00e9ger nos droits et\/ou de se conformer \u00e0 une proc\u00e9dure judiciaire ou une ordonnance du tribunal.\n\n&nbsp;\n<h2>Photographie\u00a0:<\/h2>\nLes photographies que vous trouverez sur ce site sont prot\u00e9g\u00e9es et sous licence conform\u00e9ment \u00e0 l\u2019article L112-1 du Code la propri\u00e9t\u00e9 intellectuelle.\n\n&nbsp;\n<h2>Droits de propri\u00e9t\u00e9 intellectuelle :<\/h2>\nLes \u00e9l\u00e9ments qui composent notre site www.nosykomba.com sont la propri\u00e9t\u00e9 exclusive de www.nosykomba.com. Toute reproduction partielle ou totale des composants, photos, textes de notre site internet est strictement interdit et sont prot\u00e9g\u00e9s par la l\u00e9gislation internationale sur le copyright, le droit d\u2019auteur et la propri\u00e9t\u00e9 intellectuelle.\n\n&nbsp;\n<h2>H\u00e9bergement du site :<\/h2>\nH\u00e9bergeur: United Internet AG.\nLocalisation des serveurs\u00a0: Allemagne.\n\n&nbsp;\n<h2>Coordonn\u00e9es :<\/h2>\nSi vous avez des questions ou des pr\u00e9occupations concernant cette politique de confidentialit\u00e9, ou si vous souhaitez nous contacter par t\u00e9l\u00e9phone ou par courrier postal, nos coordonn\u00e9es sont les suivantes :\n\ninfo@nosykomba.com.\nwww.nosykomba.com\n\nPolitique de confidentialit\u00e9 du 15 f\u00e9vrier 2013. Mise \u00e0 jour le 10 mai 2018<em>.<\/em>\n\n&nbsp;\n\n&nbsp;","_et_gb_content_width":"","footnotes":""},"class_list":["post-250887","page","type-page","status-publish","hentry"],"yoast_head":"<title>Contact us - Nosy Komba<\/title>\n<meta name=\"description\" content=\"Complete this form and a member of our team will be back in touch right away.\" \/>\n<meta name=\"robots\" content=\"index, follow, max-snippet:-1, max-image-preview:large, max-video-preview:-1\" \/>\n<link rel=\"canonical\" href=\"https:\/\/www.nosykomba.com\/en\/contact-us\/\" \/>\n<meta property=\"og:locale\" content=\"en_US\" \/>\n<meta property=\"og:type\" content=\"article\" \/>\n<meta property=\"og:title\" content=\"Contact us - Nosy Komba\" \/>\n<meta property=\"og:description\" content=\"Complete this form and a member of our team will be back in touch right away.\" \/>\n<meta property=\"og:url\" content=\"https:\/\/www.nosykomba.com\/en\/contact-us\/\" \/>\n<meta property=\"og:site_name\" content=\"Nosy Komba\" \/>\n<meta property=\"article:modified_time\" content=\"2025-02-01T05:29:28+00:00\" \/>\n<meta name=\"twitter:card\" content=\"summary_large_image\" \/>\n<meta name=\"twitter:label1\" content=\"Est. reading time\" \/>\n\t<meta name=\"twitter:data1\" content=\"1 minute\" \/>\n<script type=\"application\/ld+json\" class=\"yoast-schema-graph\">{\"@context\":\"https:\/\/schema.org\",\"@graph\":[{\"@type\":\"WebPage\",\"@id\":\"https:\/\/www.nosykomba.com\/en\/contact-us\/\",\"url\":\"https:\/\/www.nosykomba.com\/en\/contact-us\/\",\"name\":\"Contact us - Nosy Komba\",\"isPartOf\":{\"@id\":\"https:\/\/www.nosykomba.com\/en\/#website\"},\"datePublished\":\"2022-02-23T13:06:30+00:00\",\"dateModified\":\"2025-02-01T05:29:28+00:00\",\"description\":\"Complete this form and a member of our team will be back in touch right away.\",\"breadcrumb\":{\"@id\":\"https:\/\/www.nosykomba.com\/en\/contact-us\/#breadcrumb\"},\"inLanguage\":\"en-US\",\"potentialAction\":[{\"@type\":\"ReadAction\",\"target\":[\"https:\/\/www.nosykomba.com\/en\/contact-us\/\"]}]},{\"@type\":\"BreadcrumbList\",\"@id\":\"https:\/\/www.nosykomba.com\/en\/contact-us\/#breadcrumb\",\"itemListElement\":[{\"@type\":\"ListItem\",\"position\":1,\"name\":\"Accueil\",\"item\":\"https:\/\/www.nosykomba.com\/en\/\"},{\"@type\":\"ListItem\",\"position\":2,\"name\":\"Contact us\"}]},{\"@type\":\"WebSite\",\"@id\":\"https:\/\/www.nosykomba.com\/en\/#website\",\"url\":\"https:\/\/www.nosykomba.com\/en\/\",\"name\":\"Nosy Komba\",\"description\":\"Un joyaux de la nature\",\"publisher\":{\"@id\":\"https:\/\/www.nosykomba.com\/en\/#organization\"},\"potentialAction\":[{\"@type\":\"SearchAction\",\"target\":{\"@type\":\"EntryPoint\",\"urlTemplate\":\"https:\/\/www.nosykomba.com\/en\/?s={search_term_string}\"},\"query-input\":{\"@type\":\"PropertyValueSpecification\",\"valueRequired\":true,\"valueName\":\"search_term_string\"}}],\"inLanguage\":\"en-US\"},{\"@type\":\"Organization\",\"@id\":\"https:\/\/www.nosykomba.com\/en\/#organization\",\"name\":\"Nosy Komba\",\"url\":\"https:\/\/www.nosykomba.com\/en\/\",\"logo\":{\"@type\":\"ImageObject\",\"inLanguage\":\"en-US\",\"@id\":\"https:\/\/www.nosykomba.com\/en\/#\/schema\/logo\/image\/\",\"url\":\"https:\/\/www.nosykomba.com\/media\/logo-x512.jpg\",\"contentUrl\":\"https:\/\/www.nosykomba.com\/media\/logo-x512.jpg\",\"width\":512,\"height\":512,\"caption\":\"Nosy Komba\"},\"image\":{\"@id\":\"https:\/\/www.nosykomba.com\/en\/#\/schema\/logo\/image\/\"}}]}<\/script>","yoast_head_json":{"title":"Contact us - Nosy Komba","description":"Complete this form and a member of our team will be back in touch right away.","robots":{"index":"index","follow":"follow","max-snippet":"max-snippet:-1","max-image-preview":"max-image-preview:large","max-video-preview":"max-video-preview:-1"},"canonical":"https:\/\/www.nosykomba.com\/en\/contact-us\/","og_locale":"en_US","og_type":"article","og_title":"Contact us - Nosy Komba","og_description":"Complete this form and a member of our team will be back in touch right away.","og_url":"https:\/\/www.nosykomba.com\/en\/contact-us\/","og_site_name":"Nosy Komba","article_modified_time":"2025-02-01T05:29:28+00:00","twitter_card":"summary_large_image","twitter_misc":{"Est. reading time":"1 minute"},"schema":{"@context":"https:\/\/schema.org","@graph":[{"@type":"WebPage","@id":"https:\/\/www.nosykomba.com\/en\/contact-us\/","url":"https:\/\/www.nosykomba.com\/en\/contact-us\/","name":"Contact us - Nosy Komba","isPartOf":{"@id":"https:\/\/www.nosykomba.com\/en\/#website"},"datePublished":"2022-02-23T13:06:30+00:00","dateModified":"2025-02-01T05:29:28+00:00","description":"Complete this form and a member of our team will be back in touch right away.","breadcrumb":{"@id":"https:\/\/www.nosykomba.com\/en\/contact-us\/#breadcrumb"},"inLanguage":"en-US","potentialAction":[{"@type":"ReadAction","target":["https:\/\/www.nosykomba.com\/en\/contact-us\/"]}]},{"@type":"BreadcrumbList","@id":"https:\/\/www.nosykomba.com\/en\/contact-us\/#breadcrumb","itemListElement":[{"@type":"ListItem","position":1,"name":"Accueil","item":"https:\/\/www.nosykomba.com\/en\/"},{"@type":"ListItem","position":2,"name":"Contact us"}]},{"@type":"WebSite","@id":"https:\/\/www.nosykomba.com\/en\/#website","url":"https:\/\/www.nosykomba.com\/en\/","name":"Nosy Komba","description":"Un joyaux de la nature","publisher":{"@id":"https:\/\/www.nosykomba.com\/en\/#organization"},"potentialAction":[{"@type":"SearchAction","target":{"@type":"EntryPoint","urlTemplate":"https:\/\/www.nosykomba.com\/en\/?s={search_term_string}"},"query-input":{"@type":"PropertyValueSpecification","valueRequired":true,"valueName":"search_term_string"}}],"inLanguage":"en-US"},{"@type":"Organization","@id":"https:\/\/www.nosykomba.com\/en\/#organization","name":"Nosy Komba","url":"https:\/\/www.nosykomba.com\/en\/","logo":{"@type":"ImageObject","inLanguage":"en-US","@id":"https:\/\/www.nosykomba.com\/en\/#\/schema\/logo\/image\/","url":"https:\/\/www.nosykomba.com\/media\/logo-x512.jpg","contentUrl":"https:\/\/www.nosykomba.com\/media\/logo-x512.jpg","width":512,"height":512,"caption":"Nosy Komba"},"image":{"@id":"https:\/\/www.nosykomba.com\/en\/#\/schema\/logo\/image\/"}}]}},"_links":{"self":[{"href":"https:\/\/www.nosykomba.com\/en\/wp-json\/wp\/v2\/pages\/250887","targetHints":{"allow":["GET"]}}],"collection":[{"href":"https:\/\/www.nosykomba.com\/en\/wp-json\/wp\/v2\/pages"}],"about":[{"href":"https:\/\/www.nosykomba.com\/en\/wp-json\/wp\/v2\/types\/page"}],"author":[{"embeddable":true,"href":"https:\/\/www.nosykomba.com\/en\/wp-json\/wp\/v2\/users\/1"}],"replies":[{"embeddable":true,"href":"https:\/\/www.nosykomba.com\/en\/wp-json\/wp\/v2\/comments?post=250887"}],"version-history":[{"count":4,"href":"https:\/\/www.nosykomba.com\/en\/wp-json\/wp\/v2\/pages\/250887\/revisions"}],"predecessor-version":[{"id":254798,"href":"https:\/\/www.nosykomba.com\/en\/wp-json\/wp\/v2\/pages\/250887\/revisions\/254798"}],"wp:attachment":[{"href":"https:\/\/www.nosykomba.com\/en\/wp-json\/wp\/v2\/media?parent=250887"}],"curies":[{"name":"wp","href":"https:\/\/api.w.org\/{rel}","templated":true}]}}